{"id":342,"date":"2014-05-15T10:34:07","date_gmt":"2014-05-15T09:34:07","guid":{"rendered":"http:\/\/maximumvalue.ch\/new\/?page_id=342"},"modified":"2019-03-21T09:13:02","modified_gmt":"2019-03-21T08:13:02","slug":"careers","status":"publish","type":"page","link":"https:\/\/www.maximumvalue.ch\/?page_id=342","title":{"rendered":"Carri\u00e8res"},"content":{"rendered":"<div class=\"flex_column av_one_half  flex_column_div av-zero-column-padding first  avia-builder-el-0  avia-builder-el-no-sibling  \" style='border-radius:0px; '><section class=\"av_textblock_section \"  itemscope=\"itemscope\" itemtype=\"https:\/\/schema.org\/CreativeWork\" ><div class='avia_textblock  '   itemprop=\"text\" ><p>Nous attachons une grande importance aux valeurs humaines que sont l&rsquo;honn\u00eatet\u00e9, la loyaut\u00e9 ou encore le savoir-vivre.<br \/>Pour nos clients, nos solutions s&rsquo;inspirent des \u00ab\u00a0Best Practices\u00a0\u00bb.<br \/>Nous nous effor\u00e7ons de choisir et de former les collaborateurs pour qu&rsquo;ils r\u00e9pondent \u00e0 leurs attentes et aux n\u00f4tres.<\/p>\n<p>Nous serions heureux de vous compter parmi nous, envoyez votre candidature!<\/p>\n<p><span style=\"color: #000080;\">Postes ouverts<\/span><\/p>\n<p><span style=\"color: #000080;\">Assurances (vie et non-vie)<\/span><br \/>apporteurs d&rsquo;affaires exp\u00e9riment\u00e9s<\/p>\n<p><span style=\"color: #000080;\">Conseiller financier<\/span><br \/>entr\u00e9e\u00a0imm\u00e9diate<\/p>\n<p>Vous pouvez faire parvenir votre candidature \u00e0 l&rsquo;adresse\u00a0<a href=\"mailto:info@maximumvalue.ch\">info@maximumvalue.ch<\/a>.<\/p>\n<\/div><\/section><\/div>\n<div class=\"flex_column av_one_half  flex_column_div av-zero-column-padding   \" style='border-radius:0px; '><div  class='avia-image-container  av-styling-    avia-align-center '  itemprop=\"image\" itemscope=\"itemscope\" itemtype=\"https:\/\/schema.org\/ImageObject\"  ><div class='avia-image-container-inner'><div class='avia-image-overlay-wrap'><img decoding=\"async\" class='wp-image-27 avia-img-lazy-loading-not-27 avia_image' src=\"https:\/\/www.maximumvalue.ch\/wp-content\/uploads\/2014\/05\/689980_600.gif\" alt='' title='689980_600' height=\"269\" width=\"276\"  itemprop=\"thumbnailUrl\"  \/><\/div><\/div><\/div><\/div>\n<div class=\"flex_column av_one_full  flex_column_div av-zero-column-padding first  \" style='border-radius:0px; '><p><section class=\"av_textblock_section \"  itemscope=\"itemscope\" itemtype=\"https:\/\/schema.org\/CreativeWork\" ><div class='avia_textblock  '   itemprop=\"text\" ><p><strong>Maximum Value RECRUTE ! <\/strong><\/p>\n<p><strong>Vous \u00eates motiv\u00e9 et ambitieux au point de relever de nouveaux challenges ? Alors rejoignez-nous, cette place est faite pour vous!<\/strong><\/p>\n<\/div><\/section><br \/>\n<div  class='avia-gallery  avia-gallery-1 deactivate_avia_lazyload avia-gallery-animate avia_animate_when_visible  av-hide-gallery-thumbs'  itemprop=\"image\" itemscope=\"itemscope\" itemtype=\"https:\/\/schema.org\/ImageObject\" ><a class='avia-gallery-big fakeLightbox lightbox avia-gallery-big-crop-thumb ' href='https:\/\/www.maximumvalue.ch\/wp-content\/uploads\/2019\/03\/Conseiller-financier.jpg'  data-onclick='1' title='Conseiller financier' ><span class='avia-gallery-big-inner'  itemprop=\"thumbnailUrl\" ><img decoding=\"async\" class=\"wp-image-4503 avia-img-lazy-loading-not-4503\"  width=\"589\" height=\"923\" src=\"https:\/\/www.maximumvalue.ch\/wp-content\/uploads\/2019\/03\/Conseiller-financier.jpg\" title='Conseiller financier' alt='' srcset=\"https:\/\/www.maximumvalue.ch\/wp-content\/uploads\/2019\/03\/Conseiller-financier.jpg 589w, https:\/\/www.maximumvalue.ch\/wp-content\/uploads\/2019\/03\/Conseiller-financier-191x300.jpg 191w, https:\/\/www.maximumvalue.ch\/wp-content\/uploads\/2019\/03\/Conseiller-financier-450x705.jpg 450w\" sizes=\"(max-width: 589px) 100vw, 589px\" \/><\/span><\/a><div class='avia-gallery-thumb'> <a href='https:\/\/www.maximumvalue.ch\/wp-content\/uploads\/2019\/03\/Conseiller-financier.jpg' data-rel='gallery-1' data-prev-img='https:\/\/www.maximumvalue.ch\/wp-content\/uploads\/2019\/03\/Conseiller-financier.jpg' class='first_thumb lightbox ' data-onclick='1' title='Conseiller financier'  itemprop=\"thumbnailUrl\"  ><img decoding=\"async\" class=\"wp-image-4503 avia-img-lazy-loading-not-4503\"   src=\"https:\/\/www.maximumvalue.ch\/wp-content\/uploads\/2019\/03\/Conseiller-financier-495x400.jpg\" width=\"495\" height=\"400\"  title='Conseiller financier' alt='' \/><\/a><\/div><\/div><\/p><\/div>\n","protected":false},"excerpt":{"rendered":"","protected":false},"author":1,"featured_media":0,"parent":0,"menu_order":0,"comment_status":"closed","ping_status":"closed","template":"","meta":{"footnotes":""},"class_list":["post-342","page","type-page","status-publish","hentry"],"_links":{"self":[{"href":"https:\/\/www.maximumvalue.ch\/index.php?rest_route=\/wp\/v2\/pages\/342","targetHints":{"allow":["GET"]}}],"collection":[{"href":"https:\/\/www.maximumvalue.ch\/index.php?rest_route=\/wp\/v2\/pages"}],"about":[{"href":"https:\/\/www.maximumvalue.ch\/index.php?rest_route=\/wp\/v2\/types\/page"}],"author":[{"embeddable":true,"href":"https:\/\/www.maximumvalue.ch\/index.php?rest_route=\/wp\/v2\/users\/1"}],"replies":[{"embeddable":true,"href":"https:\/\/www.maximumvalue.ch\/index.php?rest_route=%2Fwp%2Fv2%2Fcomments&post=342"}],"version-history":[{"count":11,"href":"https:\/\/www.maximumvalue.ch\/index.php?rest_route=\/wp\/v2\/pages\/342\/revisions"}],"predecessor-version":[{"id":4520,"href":"https:\/\/www.maximumvalue.ch\/index.php?rest_route=\/wp\/v2\/pages\/342\/revisions\/4520"}],"wp:attachment":[{"href":"https:\/\/www.maximumvalue.ch\/index.php?rest_route=%2Fwp%2Fv2%2Fmedia&parent=342"}],"curies":[{"name":"wp","href":"https:\/\/api.w.org\/{rel}","templated":true}]}}