{"id":332,"date":"2014-05-16T11:59:01","date_gmt":"2014-05-16T10:59:01","guid":{"rendered":"http:\/\/maximumvalue.ch\/new\/?page_id=332"},"modified":"2014-05-16T17:25:05","modified_gmt":"2014-05-16T16:25:05","slug":"investissements","status":"publish","type":"page","link":"https:\/\/www.maximumvalue.ch\/?page_id=332","title":{"rendered":"Investissements"},"content":{"rendered":"<div class=\"flex_column av_two_third  flex_column_div first  avia-builder-el-0  el_before_av_one_third  avia-builder-el-first  \" ><section class=\"av_textblock_section \"  itemscope=\"itemscope\" itemtype=\"https:\/\/schema.org\/CreativeWork\" ><div class='avia_textblock  '   itemprop=\"text\" ><p><span style=\"color: #000000;\">Maximum Value vous propose des placements de fonds sous mandat de suivi de portefeuille, selon la strat\u00e9gie de votre planification financi\u00e8re personnalis\u00e9e, en partenariat avec des g\u00e9rants de fortune ind\u00e9pendants.<\/span><\/p>\n<\/div><\/section><\/div><div class=\"flex_column av_one_third  flex_column_div   avia-builder-el-2  el_after_av_two_third  el_before_av_icon_box  \" ><div  class='avia-image-container  av-styling-    avia-builder-el-3  avia-builder-el-no-sibling  avia-align-center '  itemprop=\"image\" itemscope=\"itemscope\" itemtype=\"https:\/\/schema.org\/ImageObject\"  ><div class='avia-image-container-inner'><div class='avia-image-overlay-wrap'><img decoding=\"async\" width=\"180\" height=\"180\" class='wp-image-61 avia-img-lazy-loading-not-61 avia_image' src=\"http:\/\/maximumvalue.ch\/new\/wp-content\/uploads\/2014\/05\/stockvault-playing-cards129094-180x180.jpg\" alt='' title='stockvault-playing-cards129094'   itemprop=\"thumbnailUrl\" srcset=\"https:\/\/www.maximumvalue.ch\/wp-content\/uploads\/2014\/05\/stockvault-playing-cards129094-180x180.jpg 180w, https:\/\/www.maximumvalue.ch\/wp-content\/uploads\/2014\/05\/stockvault-playing-cards129094-80x80.jpg 80w, https:\/\/www.maximumvalue.ch\/wp-content\/uploads\/2014\/05\/stockvault-playing-cards129094-36x36.jpg 36w, https:\/\/www.maximumvalue.ch\/wp-content\/uploads\/2014\/05\/stockvault-playing-cards129094-120x120.jpg 120w, https:\/\/www.maximumvalue.ch\/wp-content\/uploads\/2014\/05\/stockvault-playing-cards129094-450x450.jpg 450w\" sizes=\"(max-width: 180px) 100vw, 180px\" \/><\/div><\/div><\/div><\/div><\/p>\n<article  class=\"iconbox iconbox_left    avia-builder-el-4  el_after_av_one_third  avia-builder-el-last  \"  itemscope=\"itemscope\" itemtype=\"https:\/\/schema.org\/CreativeWork\" ><div class=\"iconbox_content\"><header class=\"entry-content-header\"><div class=\"iconbox_icon heading-color\" aria-hidden='true' data-av_icon='\ue81e' data-av_iconfont='entypo-fontello'  ><\/div><h3 class='iconbox_content_title  '  itemprop=\"headline\"  >R\u00e9vision de la strat\u00e9gie de placement\u2028<\/h3><\/header><div class='iconbox_content_container  '  itemprop=\"text\"  ><p><span style=\"color: #000000;\">Il est utile d\u2019effectuer un contr\u00f4le annuel de la strat\u00e9gie de placement. Ces analyses fournissent des hypoth\u00e8ses actualis\u00e9es en mati\u00e8re de rendement et de risque reposant sur des mod\u00e8les propri\u00e9taires pour votre strat\u00e9gie de placement.<\/span><\/p>\n<\/div><\/div><footer class=\"entry-footer\"><\/footer><\/article>\n","protected":false},"excerpt":{"rendered":"","protected":false},"author":1,"featured_media":0,"parent":0,"menu_order":0,"comment_status":"open","ping_status":"open","template":"","meta":{"footnotes":""},"class_list":["post-332","page","type-page","status-publish","hentry"],"_links":{"self":[{"href":"https:\/\/www.maximumvalue.ch\/index.php?rest_route=\/wp\/v2\/pages\/332","targetHints":{"allow":["GET"]}}],"collection":[{"href":"https:\/\/www.maximumvalue.ch\/index.php?rest_route=\/wp\/v2\/pages"}],"about":[{"href":"https:\/\/www.maximumvalue.ch\/index.php?rest_route=\/wp\/v2\/types\/page"}],"author":[{"embeddable":true,"href":"https:\/\/www.maximumvalue.ch\/index.php?rest_route=\/wp\/v2\/users\/1"}],"replies":[{"embeddable":true,"href":"https:\/\/www.maximumvalue.ch\/index.php?rest_route=%2Fwp%2Fv2%2Fcomments&post=332"}],"version-history":[{"count":2,"href":"https:\/\/www.maximumvalue.ch\/index.php?rest_route=\/wp\/v2\/pages\/332\/revisions"}],"predecessor-version":[{"id":392,"href":"https:\/\/www.maximumvalue.ch\/index.php?rest_route=\/wp\/v2\/pages\/332\/revisions\/392"}],"wp:attachment":[{"href":"https:\/\/www.maximumvalue.ch\/index.php?rest_route=%2Fwp%2Fv2%2Fmedia&parent=332"}],"curies":[{"name":"wp","href":"https:\/\/api.w.org\/{rel}","templated":true}]}}