{"id":299,"date":"2014-05-13T18:32:27","date_gmt":"2014-05-13T17:32:27","guid":{"rendered":"http:\/\/maximumvalue.ch\/new\/?page_id=299"},"modified":"2020-03-26T17:42:12","modified_gmt":"2020-03-26T16:42:12","slug":"home","status":"publish","type":"page","link":"https:\/\/www.maximumvalue.ch\/","title":{"rendered":"Accueil"},"content":{"rendered":"<div id='layer_slider_1'  class='avia-layerslider main_color avia-shadow  avia-builder-el-0  el_before_av_promobox  avia-builder-el-first  container_wrap sidebar_right' style='  height: 401px;' ><\/div><div id='after_layer_slider_1'  class='main_color av_default_container_wrap container_wrap sidebar_right' style=' '  ><div class='container' ><div class='template-page content  av-content-small alpha units'><div class='post-entry post-entry-type-page post-entry-299'><div class='entry-content-wrapper clearfix'>\n\t<div   class='av_promobox  avia-button-yes   avia-builder-el-1  el_after_av_layerslider  el_before_av_one_full  avia-builder-el-first '>\t\t<div class='avia-promocontent'><p>\nConsultez tous nos services<\/p>\n<\/div><div  class='avia-button-wrap avia-button-right ' ><a href='https:\/\/www.maximumvalue.ch\/?page_id=453'  class='avia-button  avia-color-theme-color   avia-icon_select-yes-left-icon avia-size-large avia-position-right '   ><span class='avia_button_icon avia_button_icon_left ' aria-hidden='true' data-av_icon='\ue808' data-av_iconfont='entypo-fontello'><\/span><span class='avia_iconbox_title' >Ici<\/span><\/a><\/div><\/div>\n<div class=\"flex_column av_one_full  flex_column_div av-zero-column-padding first  avia-builder-el-2  el_after_av_promobox  el_before_av_one_full  \" style='border-radius:0px; '><section class=\"av_textblock_section \"  itemscope=\"itemscope\" itemtype=\"https:\/\/schema.org\/CreativeWork\" ><div class='avia_textblock  '   itemprop=\"text\" ><p><strong>Pourquoi un conseil global ?<\/strong><\/p>\n<p>La cr\u00e9ation, la vente d\u2019une entreprise, l\u2019achat et le transfert d\u2019un bien immobilier ainsi que la succession sont des \u00e9tapes de vie auxquelles correspondent des besoins sp\u00e9cifiques en mati\u00e8re d\u2019assurance, de pr\u00e9voyance, de fiscalit\u00e9 et de finance.<\/p>\n<p>Il en va de m\u00eame lors de la naissance d\u2019un enfant, les \u00e9tudes, le mariage ou encore la pr\u00e9-retraite.<\/p>\n<p>A chaque \u00e9v\u00e9nement important, il est naturel et de reconsid\u00e9rer sa situation globalement, ce qui permet d\u2019\u00e9viter les situations telles que le d\u00e9ficit de couverture en mati\u00e8re d\u2019assurances ou en cas de mauvaise planification fiscale.<\/p>\n<p>Il est possible de vous offrir une r\u00e9ponse adapt\u00e9e seulement si votre situation personnelle est \u00e9tudi\u00e9e en tenant compte de tous les \u00e9l\u00e9ments de votre dossier ainsi que des interactions entre eux. Voici l\u2019avantage de parler \u00e0 un conseiller financier : \u00e0 m\u00eame d\u2019analyser votre dossier, il mettra en lumi\u00e8re des \u00e9conomies financi\u00e8res importantes.<\/p>\n<\/div><\/section><\/div>\n<div class=\"flex_column av_one_full  flex_column_div av-zero-column-padding first  avia-builder-el-4  el_after_av_one_full  avia-builder-el-last  column-top-margin\" style='border-radius:0px; '><section class=\"av_textblock_section \"  itemscope=\"itemscope\" itemtype=\"https:\/\/schema.org\/CreativeWork\" ><div class='avia_textblock  '   itemprop=\"text\" ><p><strong><span style=\"color: #ff0000;\">CONSEIL FISCAL<\/span><\/strong><\/p>\n<p>Madame, Monsieur,<\/p>\n<p>Par ce message, nous souhaitons vous rappeler que le d\u00e9lai impos\u00e9 par les autorit\u00e9s fiscales du canton de Vaud pour les demandes de rectification de l&rsquo;imp\u00f4t \u00e0 la source est au 31 mars.<\/p>\n<p>Il est donc important de recevoir tous vos documents le plus vite possible si vous souhaitez que nous d\u00e9posions votre demande \u00e0 temps.<\/p>\n<p>Nous restons \u00e0 votre disposition, par t\u00e9l\u00e9phone ou par mail, pour tout renseignements compl\u00e9mentaires.<\/p>\n<p>Nous vous adressons nos meilleures salutations.<\/p>\n<\/div><\/section><\/div>\n","protected":false},"excerpt":{"rendered":"","protected":false},"author":1,"featured_media":0,"parent":0,"menu_order":0,"comment_status":"open","ping_status":"open","template":"","meta":{"footnotes":""},"class_list":["post-299","page","type-page","status-publish","hentry"],"_links":{"self":[{"href":"https:\/\/www.maximumvalue.ch\/index.php?rest_route=\/wp\/v2\/pages\/299","targetHints":{"allow":["GET"]}}],"collection":[{"href":"https:\/\/www.maximumvalue.ch\/index.php?rest_route=\/wp\/v2\/pages"}],"about":[{"href":"https:\/\/www.maximumvalue.ch\/index.php?rest_route=\/wp\/v2\/types\/page"}],"author":[{"embeddable":true,"href":"https:\/\/www.maximumvalue.ch\/index.php?rest_route=\/wp\/v2\/users\/1"}],"replies":[{"embeddable":true,"href":"https:\/\/www.maximumvalue.ch\/index.php?rest_route=%2Fwp%2Fv2%2Fcomments&post=299"}],"version-history":[{"count":38,"href":"https:\/\/www.maximumvalue.ch\/index.php?rest_route=\/wp\/v2\/pages\/299\/revisions"}],"predecessor-version":[{"id":4682,"href":"https:\/\/www.maximumvalue.ch\/index.php?rest_route=\/wp\/v2\/pages\/299\/revisions\/4682"}],"wp:attachment":[{"href":"https:\/\/www.maximumvalue.ch\/index.php?rest_route=%2Fwp%2Fv2%2Fmedia&parent=299"}],"curies":[{"name":"wp","href":"https:\/\/api.w.org\/{rel}","templated":true}]}}