{"id":262,"date":"2014-05-14T10:42:09","date_gmt":"2014-05-14T09:42:09","guid":{"rendered":"http:\/\/maximumvalue.ch\/new\/?page_id=262"},"modified":"2014-05-23T17:37:20","modified_gmt":"2014-05-23T16:37:20","slug":"savings","status":"publish","type":"page","link":"https:\/\/www.maximumvalue.ch\/?page_id=262","title":{"rendered":"Epargne"},"content":{"rendered":"<div class=\"flex_column av_two_third  flex_column_div first  avia-builder-el-0  el_before_av_one_third  avia-builder-el-first  \" ><section class=\"av_textblock_section \"  itemscope=\"itemscope\" itemtype=\"https:\/\/schema.org\/CreativeWork\" ><div class='avia_textblock  '   itemprop=\"text\" ><p style=\"color: #000000;\">Comment mieux placer votre argent \u00e0 long terme, constituer votre patrimoine ou faire fructifier votre capital ? Comment optimiser en m\u00eame temps votre situation de pr\u00e9voyance et d\u2019imp\u00f4ts ?<\/p>\n<p style=\"color: #000000;\">\u00a0<strong>Compte d&rsquo;\u00e9pargne<\/strong><\/p>\n<p style=\"color: #000000;\">Le compte d&rsquo;\u00e9pargne permet de constituer une \u00e9pargne en toute s\u00e9curit\u00e9 \u00e0 moyen ou long terme. Contrairement au compte priv\u00e9, le titulaire du compte d&rsquo;\u00e9pargne b\u00e9n\u00e9ficie de taux d&rsquo;int\u00e9r\u00eat plus \u00e9lev\u00e9s. Cependant, les retraits de sommes plus importantes ne peuvent se faire qu&rsquo;en respectant un d\u00e9lai de pr\u00e9avis d\u00e9fini. Le compte d&rsquo;\u00e9pargne ne permet pas d&rsquo;effectuer les diff\u00e9rentes op\u00e9rations de trafic des paiements ou de l&rsquo;e -banking.<\/p>\n<p style=\"color: #000000;\">\u00a0<strong>Epargne pr\u00e9voyance<\/strong><\/p>\n<p style=\"color: #000000;\">Pour maintenir son niveau de vie et profiter pleinement de sa retraite, il convient d&rsquo;examiner et de r\u00e9fl\u00e9chir le plus t\u00f4t possible \u00e0 sa pr\u00e9voyance personnelle.<\/p>\n<p style=\"color: #000000;\">\u00a0Nous vous soutenons en vous proposant des solutions de placement sur mesure, globales et \u00e0 long terme. Notre conseil est professionnel, neutre et orient\u00e9 par vos crit\u00e8res.<\/p>\n<p style=\"color: #000000;\">\u00a0Pour commencer \u00e0 d\u00e9finir votre strat\u00e9gie, vous pouvez r\u00e9fl\u00e9chir aux questions suivantes :<\/p>\n<ul>\n<li>Ai-je une capacit\u00e9 d&rsquo;\u00e9pargne ?<\/li>\n<li>\u00c0 quelle p\u00e9riodicit\u00e9 ?<\/li>\n<li>Combien puis-je \u00e9pargner par mois ?<\/li>\n<li>Quel est mon horizon d&rsquo;investissement ?<\/li>\n<li>Suis-je pr\u00eat \u00e0 prendre un risque de perte en capital ?<\/li>\n<\/ul>\n<\/div><\/section><\/div><div class=\"flex_column av_one_third  flex_column_div   avia-builder-el-2  el_after_av_two_third  avia-builder-el-last  \" ><div  class='avia-image-container  av-styling-    avia-builder-el-3  avia-builder-el-no-sibling  avia-align-center '  itemprop=\"image\" itemscope=\"itemscope\" itemtype=\"https:\/\/schema.org\/ImageObject\"  ><div class='avia-image-container-inner'><div class='avia-image-overlay-wrap'><img decoding=\"async\" width=\"180\" height=\"180\" class='wp-image-44 avia-img-lazy-loading-not-44 avia_image' src=\"http:\/\/maximumvalue.ch\/new\/wp-content\/uploads\/2014\/05\/stockvault-coins-123736-180x180.jpg\" alt='' title='stockvault-coins-123736'   itemprop=\"thumbnailUrl\" srcset=\"https:\/\/www.maximumvalue.ch\/wp-content\/uploads\/2014\/05\/stockvault-coins-123736-180x180.jpg 180w, https:\/\/www.maximumvalue.ch\/wp-content\/uploads\/2014\/05\/stockvault-coins-123736-80x80.jpg 80w, https:\/\/www.maximumvalue.ch\/wp-content\/uploads\/2014\/05\/stockvault-coins-123736-36x36.jpg 36w, https:\/\/www.maximumvalue.ch\/wp-content\/uploads\/2014\/05\/stockvault-coins-123736-120x120.jpg 120w, https:\/\/www.maximumvalue.ch\/wp-content\/uploads\/2014\/05\/stockvault-coins-123736-450x450.jpg 450w\" sizes=\"(max-width: 180px) 100vw, 180px\" \/><\/div><\/div><\/div><\/div><\/p>\n","protected":false},"excerpt":{"rendered":"","protected":false},"author":1,"featured_media":0,"parent":0,"menu_order":0,"comment_status":"open","ping_status":"open","template":"","meta":{"footnotes":""},"class_list":["post-262","page","type-page","status-publish","hentry"],"_links":{"self":[{"href":"https:\/\/www.maximumvalue.ch\/index.php?rest_route=\/wp\/v2\/pages\/262","targetHints":{"allow":["GET"]}}],"collection":[{"href":"https:\/\/www.maximumvalue.ch\/index.php?rest_route=\/wp\/v2\/pages"}],"about":[{"href":"https:\/\/www.maximumvalue.ch\/index.php?rest_route=\/wp\/v2\/types\/page"}],"author":[{"embeddable":true,"href":"https:\/\/www.maximumvalue.ch\/index.php?rest_route=\/wp\/v2\/users\/1"}],"replies":[{"embeddable":true,"href":"https:\/\/www.maximumvalue.ch\/index.php?rest_route=%2Fwp%2Fv2%2Fcomments&post=262"}],"version-history":[{"count":6,"href":"https:\/\/www.maximumvalue.ch\/index.php?rest_route=\/wp\/v2\/pages\/262\/revisions"}],"predecessor-version":[{"id":566,"href":"https:\/\/www.maximumvalue.ch\/index.php?rest_route=\/wp\/v2\/pages\/262\/revisions\/566"}],"wp:attachment":[{"href":"https:\/\/www.maximumvalue.ch\/index.php?rest_route=%2Fwp%2Fv2%2Fmedia&parent=262"}],"curies":[{"name":"wp","href":"https:\/\/api.w.org\/{rel}","templated":true}]}}